{"id":419,"date":"2023-07-22T10:37:09","date_gmt":"2023-07-22T15:37:09","guid":{"rendered":"https:\/\/empresamudanzasmadrid.es\/blog\/?page_id=419"},"modified":"2023-07-22T10:41:32","modified_gmt":"2023-07-22T15:41:32","slug":"mudanzas-nacionales","status":"publish","type":"page","link":"https:\/\/empresamudanzasmadrid.es\/blog\/mudanzas-nacionales\/","title":{"rendered":"Mudanzas Nacionales Syc &#8211; Lideramos"},"content":{"rendered":"\t\t<div data-elementor-type=\"wp-page\" data-elementor-id=\"419\" class=\"elementor elementor-419\" data-elementor-post-type=\"page\">\n\t\t\t\t\t\t\t\t\t<section class=\"elementor-section elementor-top-section elementor-element elementor-element-f5a4212 elementor-section-boxed elementor-section-height-default elementor-section-height-default\" data-id=\"f5a4212\" data-element_type=\"section\" data-settings=\"{&quot;background_background&quot;:&quot;classic&quot;}\">\n\t\t\t\t\t\t<div class=\"elementor-container elementor-column-gap-default\">\n\t\t\t\t\t<div class=\"elementor-column elementor-col-100 elementor-top-column elementor-element elementor-element-789659e\" data-id=\"789659e\" data-element_type=\"column\">\n\t\t\t<div class=\"elementor-widget-wrap elementor-element-populated\">\n\t\t\t\t\t\t\t\t<section class=\"elementor-section elementor-inner-section elementor-element elementor-element-ce97a08 elementor-section-boxed elementor-section-height-default elementor-section-height-default\" data-id=\"ce97a08\" data-element_type=\"section\">\n\t\t\t\t\t\t<div class=\"elementor-container elementor-column-gap-default\">\n\t\t\t\t\t<div class=\"elementor-column elementor-col-33 elementor-inner-column elementor-element elementor-element-dace0ed\" data-id=\"dace0ed\" data-element_type=\"column\">\n\t\t\t<div class=\"elementor-widget-wrap elementor-element-populated\">\n\t\t\t\t\t\t\t\t<div class=\"elementor-element elementor-element-6c19c6f elementor-widget elementor-widget-heading\" data-id=\"6c19c6f\" data-element_type=\"widget\" data-widget_type=\"heading.default\">\n\t\t\t\t<div class=\"elementor-widget-container\">\n\t\t\t<style>\/*! elementor - v3.14.0 - 26-06-2023 *\/\n.elementor-heading-title{padding:0;margin:0;line-height:1}.elementor-widget-heading .elementor-heading-title[class*=elementor-size-]>a{color:inherit;font-size:inherit;line-height:inherit}.elementor-widget-heading .elementor-heading-title.elementor-size-small{font-size:15px}.elementor-widget-heading .elementor-heading-title.elementor-size-medium{font-size:19px}.elementor-widget-heading .elementor-heading-title.elementor-size-large{font-size:29px}.elementor-widget-heading .elementor-heading-title.elementor-size-xl{font-size:39px}.elementor-widget-heading .elementor-heading-title.elementor-size-xxl{font-size:59px}<\/style><div class=\"elementor-heading-title elementor-size-default\">Calcula tu mudanza<\/div>\t\t<\/div>\n\t\t\t\t<\/div>\n\t\t\t\t<div class=\"elementor-element elementor-element-538973c elementor-widget elementor-widget-text-editor\" data-id=\"538973c\" data-element_type=\"widget\" data-widget_type=\"text-editor.default\">\n\t\t\t\t<div class=\"elementor-widget-container\">\n\t\t\t<style>\/*! elementor - v3.14.0 - 26-06-2023 *\/\n.elementor-widget-text-editor.elementor-drop-cap-view-stacked .elementor-drop-cap{background-color:#69727d;color:#fff}.elementor-widget-text-editor.elementor-drop-cap-view-framed .elementor-drop-cap{color:#69727d;border:3px solid;background-color:transparent}.elementor-widget-text-editor:not(.elementor-drop-cap-view-default) .elementor-drop-cap{margin-top:8px}.elementor-widget-text-editor:not(.elementor-drop-cap-view-default) .elementor-drop-cap-letter{width:1em;height:1em}.elementor-widget-text-editor .elementor-drop-cap{float:left;text-align:center;line-height:1;font-size:50px}.elementor-widget-text-editor .elementor-drop-cap-letter{display:inline-block}<\/style>\t\t\t\tEn 2 sencillos pasos podr\u00e1s calcular tu mudanza, con el mejor precio.\t\t\t\t\t\t<\/div>\n\t\t\t\t<\/div>\n\t\t\t\t<div class=\"elementor-element elementor-element-b2977f1 elementor-align-center elementor-widget elementor-widget-button\" data-id=\"b2977f1\" data-element_type=\"widget\" data-widget_type=\"button.default\">\n\t\t\t\t<div class=\"elementor-widget-container\">\n\t\t\t\t\t<div class=\"elementor-button-wrapper\">\n\t\t\t<a class=\"elementor-button elementor-button-link elementor-size-sm\" href=\"#\">\n\t\t\t\t\t\t<span class=\"elementor-button-content-wrapper\">\n\t\t\t\t\t\t<span class=\"elementor-button-text\">Calcular mudanza f\u00e1cilmente...<\/span>\n\t\t<\/span>\n\t\t\t\t\t<\/a>\n\t\t<\/div>\n\t\t\t\t<\/div>\n\t\t\t\t<\/div>\n\t\t\t\t\t<\/div>\n\t\t<\/div>\n\t\t\t\t<div class=\"elementor-column elementor-col-33 elementor-inner-column elementor-element elementor-element-fbeffa3\" data-id=\"fbeffa3\" data-element_type=\"column\">\n\t\t\t<div class=\"elementor-widget-wrap elementor-element-populated\">\n\t\t\t\t\t\t\t\t<div class=\"elementor-element elementor-element-4953260 elementor-widget elementor-widget-heading\" data-id=\"4953260\" data-element_type=\"widget\" data-widget_type=\"heading.default\">\n\t\t\t\t<div class=\"elementor-widget-container\">\n\t\t\t<div class=\"elementor-heading-title elementor-size-default\">Solicita tu presupuesto\n<\/div>\t\t<\/div>\n\t\t\t\t<\/div>\n\t\t\t\t<div class=\"elementor-element elementor-element-afcb3e3 elementor-widget elementor-widget-text-editor\" data-id=\"afcb3e3\" data-element_type=\"widget\" data-widget_type=\"text-editor.default\">\n\t\t\t\t<div class=\"elementor-widget-container\">\n\t\t\t\t\t\t\tTu presupuesto GRATUITO Y SIN COMPROMISO en el mismo d\u00eda.\t\t\t\t\t\t<\/div>\n\t\t\t\t<\/div>\n\t\t\t\t<div class=\"elementor-element elementor-element-7344e72 elementor-align-center elementor-widget elementor-widget-button\" data-id=\"7344e72\" data-element_type=\"widget\" data-widget_type=\"button.default\">\n\t\t\t\t<div class=\"elementor-widget-container\">\n\t\t\t\t\t<div class=\"elementor-button-wrapper\">\n\t\t\t<a class=\"elementor-button elementor-button-link elementor-size-sm\" href=\"#\">\n\t\t\t\t\t\t<span class=\"elementor-button-content-wrapper\">\n\t\t\t\t\t\t<span class=\"elementor-button-text\">Solicita Presupuesto Ahora...<\/span>\n\t\t<\/span>\n\t\t\t\t\t<\/a>\n\t\t<\/div>\n\t\t\t\t<\/div>\n\t\t\t\t<\/div>\n\t\t\t\t\t<\/div>\n\t\t<\/div>\n\t\t\t\t<div class=\"elementor-column elementor-col-33 elementor-inner-column elementor-element elementor-element-da418e0\" data-id=\"da418e0\" data-element_type=\"column\">\n\t\t\t<div class=\"elementor-widget-wrap elementor-element-populated\">\n\t\t\t\t\t\t\t\t<div class=\"elementor-element elementor-element-5d325de elementor-widget elementor-widget-heading\" data-id=\"5d325de\" data-element_type=\"widget\" data-widget_type=\"heading.default\">\n\t\t\t\t<div class=\"elementor-widget-container\">\n\t\t\t<div class=\"elementor-heading-title elementor-size-default\">Nosotros te llam\u00e1mos\n<\/div>\t\t<\/div>\n\t\t\t\t<\/div>\n\t\t\t\t<div class=\"elementor-element elementor-element-8c4c901 elementor-widget elementor-widget-text-editor\" data-id=\"8c4c901\" data-element_type=\"widget\" data-widget_type=\"text-editor.default\">\n\t\t\t\t<div class=\"elementor-widget-container\">\n\t\t\t\t\t\t\tF\u00e1cil y r\u00e1pido nosotros te llam\u00e1mos en el instante de recibir tus datos de contacto.\t\t\t\t\t\t<\/div>\n\t\t\t\t<\/div>\n\t\t\t\t<div class=\"elementor-element elementor-element-38bdcfd elementor-align-center elementor-widget elementor-widget-button\" data-id=\"38bdcfd\" data-element_type=\"widget\" data-widget_type=\"button.default\">\n\t\t\t\t<div class=\"elementor-widget-container\">\n\t\t\t\t\t<div class=\"elementor-button-wrapper\">\n\t\t\t<a class=\"elementor-button elementor-button-link elementor-size-sm\" href=\"#\">\n\t\t\t\t\t\t<span class=\"elementor-button-content-wrapper\">\n\t\t\t\t\t\t<span class=\"elementor-button-text\">Recibir una llamada...<\/span>\n\t\t<\/span>\n\t\t\t\t\t<\/a>\n\t\t<\/div>\n\t\t\t\t<\/div>\n\t\t\t\t<\/div>\n\t\t\t\t\t<\/div>\n\t\t<\/div>\n\t\t\t\t\t\t\t<\/div>\n\t\t<\/section>\n\t\t\t\t\t<\/div>\n\t\t<\/div>\n\t\t\t\t\t\t\t<\/div>\n\t\t<\/section>\n\t\t\t\t<section class=\"elementor-section elementor-top-section elementor-element elementor-element-78e99d6 elementor-section-boxed elementor-section-height-default elementor-section-height-default\" data-id=\"78e99d6\" data-element_type=\"section\">\n\t\t\t\t\t\t<div class=\"elementor-container elementor-column-gap-default\">\n\t\t\t\t\t<div class=\"elementor-column elementor-col-100 elementor-top-column elementor-element elementor-element-e5224ca\" data-id=\"e5224ca\" data-element_type=\"column\">\n\t\t\t<div class=\"elementor-widget-wrap elementor-element-populated\">\n\t\t\t\t\t\t\t\t<div class=\"elementor-element elementor-element-04a3b53 elementor-widget elementor-widget-heading\" data-id=\"04a3b53\" data-element_type=\"widget\" data-widget_type=\"heading.default\">\n\t\t\t\t<div class=\"elementor-widget-container\">\n\t\t\t<h1 class=\"elementor-heading-title elementor-size-default\">MUDANZAS NACIONALES\n<\/h1>\t\t<\/div>\n\t\t\t\t<\/div>\n\t\t\t\t<div class=\"elementor-element elementor-element-d89bf47 elementor-position-left elementor-vertical-align-middle card elementor-widget elementor-widget-image-box\" data-id=\"d89bf47\" data-element_type=\"widget\" data-widget_type=\"image-box.default\">\n\t\t\t\t<div class=\"elementor-widget-container\">\n\t\t\t<style>\/*! elementor - v3.14.0 - 26-06-2023 *\/\n.elementor-widget-image-box .elementor-image-box-content{width:100%}@media (min-width:768px){.elementor-widget-image-box.elementor-position-left .elementor-image-box-wrapper,.elementor-widget-image-box.elementor-position-right .elementor-image-box-wrapper{display:flex}.elementor-widget-image-box.elementor-position-right .elementor-image-box-wrapper{text-align:right;flex-direction:row-reverse}.elementor-widget-image-box.elementor-position-left .elementor-image-box-wrapper{text-align:left;flex-direction:row}.elementor-widget-image-box.elementor-position-top .elementor-image-box-img{margin:auto}.elementor-widget-image-box.elementor-vertical-align-top .elementor-image-box-wrapper{align-items:flex-start}.elementor-widget-image-box.elementor-vertical-align-middle .elementor-image-box-wrapper{align-items:center}.elementor-widget-image-box.elementor-vertical-align-bottom .elementor-image-box-wrapper{align-items:flex-end}}@media (max-width:767px){.elementor-widget-image-box .elementor-image-box-img{margin-left:auto!important;margin-right:auto!important;margin-bottom:15px}}.elementor-widget-image-box .elementor-image-box-img{display:inline-block}.elementor-widget-image-box .elementor-image-box-title a{color:inherit}.elementor-widget-image-box .elementor-image-box-wrapper{text-align:center}.elementor-widget-image-box .elementor-image-box-description{margin:0}<\/style><div class=\"elementor-image-box-wrapper\"><figure class=\"elementor-image-box-img\"><img loading=\"lazy\" decoding=\"async\" width=\"378\" height=\"201\" src=\"https:\/\/empresamudanzasmadrid.es\/blog\/wp-content\/uploads\/2023\/07\/mudanzas-nacionales-3.webp\" class=\"attachment-full size-full wp-image-421\" alt=\"mudanzas nacionales\" srcset=\"https:\/\/empresamudanzasmadrid.es\/blog\/wp-content\/uploads\/2023\/07\/mudanzas-nacionales-3.webp 378w, https:\/\/empresamudanzasmadrid.es\/blog\/wp-content\/uploads\/2023\/07\/mudanzas-nacionales-3-300x160.webp 300w\" sizes=\"auto, (max-width: 378px) 100vw, 378px\" \/><\/figure><div class=\"elementor-image-box-content\"><p class=\"elementor-image-box-description\">En Syc nuestro objetivo es conseguir m\u00e1xima calidad a precios sin competencia. Est\u00e1mos a la vanguardia de los cambios, de las formas m\u00e1s modernas y seguras para empacar y transportar sus bienes y enseres llev\u00e1ndolos seguros a su destino. Tambi\u00e9n presta el servicio de guardamuebles para quien lo necesite, teniendo sus bienes y enseres como en sus propias manos. Disponemos de variedad de materiales de embalaje de gran calidad, para la correcta preparaci\u00f3n tanto de objetos delicados y fr\u00e1giles, como de todo tipo de muebles.<br><br>\n\n<b>Mudanzas nacionales<\/b><\/p><\/div><\/div>\t\t<\/div>\n\t\t\t\t<\/div>\n\t\t\t\t<div class=\"elementor-element elementor-element-f5755c5 elementor-position-left elementor-vertical-align-middle card elementor-widget elementor-widget-image-box\" data-id=\"f5755c5\" data-element_type=\"widget\" data-widget_type=\"image-box.default\">\n\t\t\t\t<div class=\"elementor-widget-container\">\n\t\t\t<div class=\"elementor-image-box-wrapper\"><figure class=\"elementor-image-box-img\"><img loading=\"lazy\" decoding=\"async\" width=\"378\" height=\"201\" src=\"https:\/\/empresamudanzasmadrid.es\/blog\/wp-content\/uploads\/2023\/07\/mudanzas-nacionales-4.webp\" class=\"attachment-full size-full wp-image-422\" alt=\"empresa mudanzas nacionales\" srcset=\"https:\/\/empresamudanzasmadrid.es\/blog\/wp-content\/uploads\/2023\/07\/mudanzas-nacionales-4.webp 378w, https:\/\/empresamudanzasmadrid.es\/blog\/wp-content\/uploads\/2023\/07\/mudanzas-nacionales-4-300x160.webp 300w\" sizes=\"auto, (max-width: 378px) 100vw, 378px\" \/><\/figure><div class=\"elementor-image-box-content\"><p class=\"elementor-image-box-description\">Le brindamos toda la seguridad y se responsabiliza porque sus objetos no sufran ning\u00fan da\u00f1o, para eso cuenta con personal cualificado y los materiales adecuados para su protecci\u00f3n a nuestros clientes les damos un trato personalizado. Contamos con una amplia red de delegaciones que nos ha permitido establecer un sistema de calidad homog\u00e9neo en toda Espa\u00f1a, lo que implica la m\u00e1xima garant\u00eda en mudanzas a \u00f3 desde cualquier ciudad a precios muy competitivos. Adem\u00e1s, realizamos mudanzas insulares a las islas Canarias y Baleares, ya que contamos con oficinas y almacenes propios en Las Palmas de Gran Canaria, Santa Cruz de Tenerife, Palma de Mallorca, etc.\n\n<\/p><\/div><\/div>\t\t<\/div>\n\t\t\t\t<\/div>\n\t\t\t\t<div class=\"elementor-element elementor-element-c25661d elementor-position-left elementor-vertical-align-middle card elementor-widget elementor-widget-image-box\" data-id=\"c25661d\" data-element_type=\"widget\" data-widget_type=\"image-box.default\">\n\t\t\t\t<div class=\"elementor-widget-container\">\n\t\t\t<div class=\"elementor-image-box-wrapper\"><figure class=\"elementor-image-box-img\"><img loading=\"lazy\" decoding=\"async\" width=\"378\" height=\"201\" src=\"https:\/\/empresamudanzasmadrid.es\/blog\/wp-content\/uploads\/2023\/07\/mudanzas-nacionales-5.webp\" class=\"attachment-full size-full wp-image-426\" alt=\"\" srcset=\"https:\/\/empresamudanzasmadrid.es\/blog\/wp-content\/uploads\/2023\/07\/mudanzas-nacionales-5.webp 378w, https:\/\/empresamudanzasmadrid.es\/blog\/wp-content\/uploads\/2023\/07\/mudanzas-nacionales-5-300x160.webp 300w\" sizes=\"auto, (max-width: 378px) 100vw, 378px\" \/><\/figure><div class=\"elementor-image-box-content\"><h2 class=\"elementor-image-box-title\">Un trato especial en sus mudanzas locales o nacionales<\/h2><p class=\"elementor-image-box-description\">En una <b>mudanza nacional<\/b> es muy importante tener en cuenta el aspecto de sensibilidad que conlleva manipular muebles y enseres personales que han sido adquiridos a lo largo de los a\u00f1os. Se requiere un elevado grado de especializaci\u00f3n para obtener un resultado \u00f3ptimo.Sabemos que cada traslado es diferente y es por eso por lo que siempre hacemos una inspecci\u00f3n t\u00e9cnica previa como paso imprescindible para ofrecer un tratamiento individualizado y competente sobre las <b>mudanzas nacionales<\/b>.\n\n<\/p><\/div><\/div>\t\t<\/div>\n\t\t\t\t<\/div>\n\t\t\t\t<div class=\"elementor-element elementor-element-1f396b6 elementor-widget elementor-widget-text-editor\" data-id=\"1f396b6\" data-element_type=\"widget\" data-widget_type=\"text-editor.default\">\n\t\t\t\t<div class=\"elementor-widget-container\">\n\t\t\t\t\t\t\t<p>Mudanzas nacionales (Almer\u00eda)<br \/>Mudanzas nacionales (Salamanca)<br \/>Mudanzas nacionales (Alicante)<br \/>Mudanzas nacionales (Madrid)<br \/>Mudanzas nacionales (Granada)<br \/>Mudanzas nacionales (M\u00e1laga)<br \/>Mudanzas nacionales (C\u00f3rdoba)<br \/>Mudanzas nacionales (Huelva)<br \/>Mudanzas nacionales (Barcelona)<br \/>Mudanzas nacionales (Toledo)<br \/>Mudanzas nacionales (Salamanca)<br \/>Mudanzas nacionales (Zaragoza)<br \/>Mudanzas nacionales (Cadiz)<br \/>Mudanzas nacionales (Murcia)<br \/>Mudanzas nacionales (Burgos)<br \/>Mudanzas nacionales (Gerona)<br \/>Mudanzas nacionales (Sevilla)<br \/>Mudanzas nacionales (Oviedo)<br \/>Mudanzas nacionales (Mallorca)<br \/>Mudanzas nacionales (Menorca)<br \/>Mudanzas nacionales (Las palmas de gran Canaria)<br \/>Mudanzas nacionales (Pontevedra)<br \/>Mudanzas nacionales (C\u00e1ceres) y un largo etc&#8230;<\/p>\t\t\t\t\t\t<\/div>\n\t\t\t\t<\/div>\n\t\t\t\t\t<\/div>\n\t\t<\/div>\n\t\t\t\t\t\t\t<\/div>\n\t\t<\/section>\n\t\t\t\t\t\t\t<\/div>\n\t\t","protected":false},"excerpt":{"rendered":"<p>Calcula tu mudanza En 2 sencillos pasos podr\u00e1s calcular tu mudanza, con el mejor precio. Calcular mudanza f\u00e1cilmente&#8230; Solicita tu presupuesto Tu presupuesto GRATUITO Y SIN COMPROMISO en el mismo d\u00eda. Solicita Presupuesto Ahora&#8230; Nosotros te llam\u00e1mos F\u00e1cil y r\u00e1pido nosotros te llam\u00e1mos en el instante de recibir tus datos de contacto. Recibir una llamada&#8230; &hellip;<\/p>\n<p class=\"read-more\"> <a class=\"\" href=\"https:\/\/empresamudanzasmadrid.es\/blog\/mudanzas-nacionales\/\"> <span class=\"screen-reader-text\">Mudanzas Nacionales Syc &#8211; Lideramos<\/span> Leer m\u00e1s &raquo;<\/a><\/p>\n","protected":false},"author":1,"featured_media":0,"parent":0,"menu_order":0,"comment_status":"closed","ping_status":"closed","template":"elementor_header_footer","meta":{"site-sidebar-layout":"no-sidebar","site-content-layout":"page-builder","ast-global-header-display":"","ast-banner-title-visibility":"","ast-main-header-display":"","ast-hfb-above-header-display":"","ast-hfb-below-header-display":"","ast-hfb-mobile-header-display":"","site-post-title":"disabled","ast-breadcrumbs-content":"","ast-featured-img":"disabled","footer-sml-layout":"","theme-transparent-header-meta":"","adv-header-id-meta":"","stick-header-meta":"","header-above-stick-meta":"","header-main-stick-meta":"","header-below-stick-meta":"","footnotes":""},"class_list":["post-419","page","type-page","status-publish","hentry"],"_links":{"self":[{"href":"https:\/\/empresamudanzasmadrid.es\/blog\/wp-json\/wp\/v2\/pages\/419","targetHints":{"allow":["GET"]}}],"collection":[{"href":"https:\/\/empresamudanzasmadrid.es\/blog\/wp-json\/wp\/v2\/pages"}],"about":[{"href":"https:\/\/empresamudanzasmadrid.es\/blog\/wp-json\/wp\/v2\/types\/page"}],"author":[{"embeddable":true,"href":"https:\/\/empresamudanzasmadrid.es\/blog\/wp-json\/wp\/v2\/users\/1"}],"replies":[{"embeddable":true,"href":"https:\/\/empresamudanzasmadrid.es\/blog\/wp-json\/wp\/v2\/comments?post=419"}],"version-history":[{"count":10,"href":"https:\/\/empresamudanzasmadrid.es\/blog\/wp-json\/wp\/v2\/pages\/419\/revisions"}],"predecessor-version":[{"id":432,"href":"https:\/\/empresamudanzasmadrid.es\/blog\/wp-json\/wp\/v2\/pages\/419\/revisions\/432"}],"wp:attachment":[{"href":"https:\/\/empresamudanzasmadrid.es\/blog\/wp-json\/wp\/v2\/media?parent=419"}],"curies":[{"name":"wp","href":"https:\/\/api.w.org\/{rel}","templated":true}]}}