{"id":409,"date":"2023-07-22T10:09:33","date_gmt":"2023-07-22T15:09:33","guid":{"rendered":"https:\/\/empresamudanzasmadrid.es\/blog\/?page_id=409"},"modified":"2023-07-22T10:12:50","modified_gmt":"2023-07-22T15:12:50","slug":"seguros-y-garantias-mudanzas","status":"publish","type":"page","link":"https:\/\/empresamudanzasmadrid.es\/blog\/seguros-y-garantias-mudanzas\/","title":{"rendered":"Seguros y Garant\u00eda de una Mudanza"},"content":{"rendered":"\t\t<div data-elementor-type=\"wp-page\" data-elementor-id=\"409\" class=\"elementor elementor-409\" data-elementor-post-type=\"page\">\n\t\t\t\t\t\t\t\t\t<section class=\"elementor-section elementor-top-section elementor-element elementor-element-896463f elementor-section-boxed elementor-section-height-default elementor-section-height-default\" data-id=\"896463f\" data-element_type=\"section\">\n\t\t\t\t\t\t<div class=\"elementor-container elementor-column-gap-default\">\n\t\t\t\t\t<div class=\"elementor-column elementor-col-100 elementor-top-column elementor-element elementor-element-3047a92\" data-id=\"3047a92\" data-element_type=\"column\">\n\t\t\t<div class=\"elementor-widget-wrap elementor-element-populated\">\n\t\t\t\t\t\t\t\t<div class=\"elementor-element elementor-element-d86362c elementor-widget elementor-widget-heading\" data-id=\"d86362c\" data-element_type=\"widget\" data-widget_type=\"heading.default\">\n\t\t\t\t<div class=\"elementor-widget-container\">\n\t\t\t<style>\/*! elementor - v3.14.0 - 26-06-2023 *\/\n.elementor-heading-title{padding:0;margin:0;line-height:1}.elementor-widget-heading .elementor-heading-title[class*=elementor-size-]>a{color:inherit;font-size:inherit;line-height:inherit}.elementor-widget-heading .elementor-heading-title.elementor-size-small{font-size:15px}.elementor-widget-heading .elementor-heading-title.elementor-size-medium{font-size:19px}.elementor-widget-heading .elementor-heading-title.elementor-size-large{font-size:29px}.elementor-widget-heading .elementor-heading-title.elementor-size-xl{font-size:39px}.elementor-widget-heading .elementor-heading-title.elementor-size-xxl{font-size:59px}<\/style><h1 class=\"elementor-heading-title elementor-size-default\">SEGUROS Y GARANTIA.<\/h1>\t\t<\/div>\n\t\t\t\t<\/div>\n\t\t\t\t<div class=\"elementor-element elementor-element-472f66c elementor-widget elementor-widget-heading\" data-id=\"472f66c\" data-element_type=\"widget\" data-widget_type=\"heading.default\">\n\t\t\t\t<div class=\"elementor-widget-container\">\n\t\t\t<h2 class=\"elementor-heading-title elementor-size-default\">Sus muebles est\u00e1n seguros con nuestra empresa de mudanzas<\/h2>\t\t<\/div>\n\t\t\t\t<\/div>\n\t\t\t\t<div class=\"elementor-element elementor-element-eb3605e elementor-widget elementor-widget-text-editor\" data-id=\"eb3605e\" data-element_type=\"widget\" data-widget_type=\"text-editor.default\">\n\t\t\t\t<div class=\"elementor-widget-container\">\n\t\t\t<style>\/*! elementor - v3.14.0 - 26-06-2023 *\/\n.elementor-widget-text-editor.elementor-drop-cap-view-stacked .elementor-drop-cap{background-color:#69727d;color:#fff}.elementor-widget-text-editor.elementor-drop-cap-view-framed .elementor-drop-cap{color:#69727d;border:3px solid;background-color:transparent}.elementor-widget-text-editor:not(.elementor-drop-cap-view-default) .elementor-drop-cap{margin-top:8px}.elementor-widget-text-editor:not(.elementor-drop-cap-view-default) .elementor-drop-cap-letter{width:1em;height:1em}.elementor-widget-text-editor .elementor-drop-cap{float:left;text-align:center;line-height:1;font-size:50px}.elementor-widget-text-editor .elementor-drop-cap-letter{display:inline-block}<\/style>\t\t\t\tSyc dispone de un completo seguro de mercanc\u00edas contratado anualmente para cada uno de nuestros veh\u00edculos de transporte de modo que sus muebles est\u00e1n asegurados durante sus mudanzas de hogar y mudanzas de oficina\t\t\t\t\t\t<\/div>\n\t\t\t\t<\/div>\n\t\t\t\t<div class=\"elementor-element elementor-element-bcf6c9c elementor-widget elementor-widget-heading\" data-id=\"bcf6c9c\" data-element_type=\"widget\" data-widget_type=\"heading.default\">\n\t\t\t\t<div class=\"elementor-widget-container\">\n\t\t\t<h2 class=\"elementor-heading-title elementor-size-default\">Seguro de Transporte de Mercanc\u00edas Terrestres<\/h2>\t\t<\/div>\n\t\t\t\t<\/div>\n\t\t\t\t<div class=\"elementor-element elementor-element-9ebbbef elementor-widget elementor-widget-text-editor\" data-id=\"9ebbbef\" data-element_type=\"widget\" data-widget_type=\"text-editor.default\">\n\t\t\t\t<div class=\"elementor-widget-container\">\n\t\t\t\t\t\t\t<p>&#8211; Da\u00f1os probados derivados de manipulaci\u00f3n por carga descarga.<br \/>&#8211; Incendio, rayo \u00f3 explosi\u00f3n.<br \/>&#8211; Ca\u00edda del veh\u00edculo a cunetas, barrancos, r\u00edos, mar.<br \/>&#8211; Colisi\u00f3n o Choque del veh\u00edculo porteador.<br \/>&#8211; Vuelco o descarrilamiento.<br \/>&#8211; Lluvias o nieves tempestuosas, avalanchas, aludes.<br \/>&#8211; Corrimientos \u00f3 desprendimientos de tierras, rocas.<br \/>&#8211; Rotura de puentes.<br \/>&#8211; Hundimiento s\u00fabito de la v\u00eda, carretera.<br \/>&#8211; Robo en cuadrilla a mano armada debidamente probado.<\/p>\t\t\t\t\t\t<\/div>\n\t\t\t\t<\/div>\n\t\t\t\t<div class=\"elementor-element elementor-element-2ff21bf elementor-widget elementor-widget-heading\" data-id=\"2ff21bf\" data-element_type=\"widget\" data-widget_type=\"heading.default\">\n\t\t\t\t<div class=\"elementor-widget-container\">\n\t\t\t<h2 class=\"elementor-heading-title elementor-size-default\">Seguro de Responsabilidad Civil\n<\/h2>\t\t<\/div>\n\t\t\t\t<\/div>\n\t\t\t\t<div class=\"elementor-element elementor-element-e5c8a8c elementor-widget elementor-widget-text-editor\" data-id=\"e5c8a8c\" data-element_type=\"widget\" data-widget_type=\"text-editor.default\">\n\t\t\t\t<div class=\"elementor-widget-container\">\n\t\t\t\t\t\t\t<p>&#8211; Da\u00f1os materiales.<br \/>&#8211; Da\u00f1os Personales.<\/p>\t\t\t\t\t\t<\/div>\n\t\t\t\t<\/div>\n\t\t\t\t\t<\/div>\n\t\t<\/div>\n\t\t\t\t\t\t\t<\/div>\n\t\t<\/section>\n\t\t\t\t\t\t\t<\/div>\n\t\t","protected":false},"excerpt":{"rendered":"<p>SEGUROS Y GARANTIA. Sus muebles est\u00e1n seguros con nuestra empresa de mudanzas Syc dispone de un completo seguro de mercanc\u00edas contratado anualmente para cada uno de nuestros veh\u00edculos de transporte de modo que sus muebles est\u00e1n asegurados durante sus mudanzas de hogar y mudanzas de oficina Seguro de Transporte de Mercanc\u00edas Terrestres &#8211; Da\u00f1os probados &hellip;<\/p>\n<p class=\"read-more\"> <a class=\"\" href=\"https:\/\/empresamudanzasmadrid.es\/blog\/seguros-y-garantias-mudanzas\/\"> <span class=\"screen-reader-text\">Seguros y Garant\u00eda de una Mudanza<\/span> Leer m\u00e1s &raquo;<\/a><\/p>\n","protected":false},"author":1,"featured_media":0,"parent":0,"menu_order":0,"comment_status":"closed","ping_status":"closed","template":"elementor_header_footer","meta":{"site-sidebar-layout":"no-sidebar","site-content-layout":"page-builder","ast-global-header-display":"","ast-banner-title-visibility":"","ast-main-header-display":"","ast-hfb-above-header-display":"","ast-hfb-below-header-display":"","ast-hfb-mobile-header-display":"","site-post-title":"disabled","ast-breadcrumbs-content":"","ast-featured-img":"disabled","footer-sml-layout":"","theme-transparent-header-meta":"","adv-header-id-meta":"","stick-header-meta":"","header-above-stick-meta":"","header-main-stick-meta":"","header-below-stick-meta":"","footnotes":""},"class_list":["post-409","page","type-page","status-publish","hentry"],"_links":{"self":[{"href":"https:\/\/empresamudanzasmadrid.es\/blog\/wp-json\/wp\/v2\/pages\/409","targetHints":{"allow":["GET"]}}],"collection":[{"href":"https:\/\/empresamudanzasmadrid.es\/blog\/wp-json\/wp\/v2\/pages"}],"about":[{"href":"https:\/\/empresamudanzasmadrid.es\/blog\/wp-json\/wp\/v2\/types\/page"}],"author":[{"embeddable":true,"href":"https:\/\/empresamudanzasmadrid.es\/blog\/wp-json\/wp\/v2\/users\/1"}],"replies":[{"embeddable":true,"href":"https:\/\/empresamudanzasmadrid.es\/blog\/wp-json\/wp\/v2\/comments?post=409"}],"version-history":[{"count":5,"href":"https:\/\/empresamudanzasmadrid.es\/blog\/wp-json\/wp\/v2\/pages\/409\/revisions"}],"predecessor-version":[{"id":414,"href":"https:\/\/empresamudanzasmadrid.es\/blog\/wp-json\/wp\/v2\/pages\/409\/revisions\/414"}],"wp:attachment":[{"href":"https:\/\/empresamudanzasmadrid.es\/blog\/wp-json\/wp\/v2\/media?parent=409"}],"curies":[{"name":"wp","href":"https:\/\/api.w.org\/{rel}","templated":true}]}}