{"id":344,"date":"2023-07-21T18:23:13","date_gmt":"2023-07-21T23:23:13","guid":{"rendered":"https:\/\/empresamudanzasmadrid.es\/blog\/?page_id=344"},"modified":"2023-07-21T18:37:02","modified_gmt":"2023-07-21T23:37:02","slug":"mudanzas-portes-y-montaje","status":"publish","type":"page","link":"https:\/\/empresamudanzasmadrid.es\/blog\/mudanzas-portes-y-montaje\/","title":{"rendered":"Mudanzas portes y montaje"},"content":{"rendered":"\t\t<div data-elementor-type=\"wp-page\" data-elementor-id=\"344\" class=\"elementor elementor-344\" data-elementor-post-type=\"page\">\n\t\t\t\t\t\t\t\t\t<section class=\"elementor-section elementor-top-section elementor-element elementor-element-a3c5ebd elementor-section-boxed elementor-section-height-default elementor-section-height-default\" data-id=\"a3c5ebd\" data-element_type=\"section\">\n\t\t\t\t\t\t<div class=\"elementor-container elementor-column-gap-default\">\n\t\t\t\t\t<div class=\"elementor-column elementor-col-100 elementor-top-column elementor-element elementor-element-8701c39\" data-id=\"8701c39\" data-element_type=\"column\">\n\t\t\t<div class=\"elementor-widget-wrap elementor-element-populated\">\n\t\t\t\t\t\t\t\t<div class=\"elementor-element elementor-element-ccd319d elementor-widget elementor-widget-heading\" data-id=\"ccd319d\" data-element_type=\"widget\" data-widget_type=\"heading.default\">\n\t\t\t\t<div class=\"elementor-widget-container\">\n\t\t\t<style>\/*! elementor - v3.14.0 - 26-06-2023 *\/\n.elementor-heading-title{padding:0;margin:0;line-height:1}.elementor-widget-heading .elementor-heading-title[class*=elementor-size-]>a{color:inherit;font-size:inherit;line-height:inherit}.elementor-widget-heading .elementor-heading-title.elementor-size-small{font-size:15px}.elementor-widget-heading .elementor-heading-title.elementor-size-medium{font-size:19px}.elementor-widget-heading .elementor-heading-title.elementor-size-large{font-size:29px}.elementor-widget-heading .elementor-heading-title.elementor-size-xl{font-size:39px}.elementor-widget-heading .elementor-heading-title.elementor-size-xxl{font-size:59px}<\/style><h1 class=\"elementor-heading-title elementor-size-default\"><span style=\"font-weight: 500\">PORTES DE<\/span> MERCANCIA<\/h1>\t\t<\/div>\n\t\t\t\t<\/div>\n\t\t\t\t<div class=\"elementor-element elementor-element-dc4a2ed elementor-widget elementor-widget-text-editor\" data-id=\"dc4a2ed\" data-element_type=\"widget\" data-widget_type=\"text-editor.default\">\n\t\t\t\t<div class=\"elementor-widget-container\">\n\t\t\t<style>\/*! elementor - v3.14.0 - 26-06-2023 *\/\n.elementor-widget-text-editor.elementor-drop-cap-view-stacked .elementor-drop-cap{background-color:#69727d;color:#fff}.elementor-widget-text-editor.elementor-drop-cap-view-framed .elementor-drop-cap{color:#69727d;border:3px solid;background-color:transparent}.elementor-widget-text-editor:not(.elementor-drop-cap-view-default) .elementor-drop-cap{margin-top:8px}.elementor-widget-text-editor:not(.elementor-drop-cap-view-default) .elementor-drop-cap-letter{width:1em;height:1em}.elementor-widget-text-editor .elementor-drop-cap{float:left;text-align:center;line-height:1;font-size:50px}.elementor-widget-text-editor .elementor-drop-cap-letter{display:inline-block}<\/style>\t\t\t\t<p>\u00bfNecesita un peque\u00f1o transporte a alg\u00fan punto de la comunidad de Madrid? Realizamos todo tipo de transporte de muebles sueltos, mini-mudanzas, con una manipulaci\u00f3n profesional. Recuerde que estos servicios tambi\u00e9n los realizamos en forma independiente. Contamos con una serie de tiendas que conf\u00edan sus entregas y montajes a nuestra empresa.<\/p>\t\t\t\t\t\t<\/div>\n\t\t\t\t<\/div>\n\t\t\t\t<div class=\"elementor-element elementor-element-846cb03 elementor-widget elementor-widget-heading\" data-id=\"846cb03\" data-element_type=\"widget\" data-widget_type=\"heading.default\">\n\t\t\t\t<div class=\"elementor-widget-container\">\n\t\t\t<h2 class=\"elementor-heading-title elementor-size-default\">Confian en nosotros:<\/h2>\t\t<\/div>\n\t\t\t\t<\/div>\n\t\t\t\t<div class=\"elementor-element elementor-element-603454c elementor-widget elementor-widget-heading\" data-id=\"603454c\" data-element_type=\"widget\" data-widget_type=\"heading.default\">\n\t\t\t\t<div class=\"elementor-widget-container\">\n\t\t\t<h2 class=\"elementor-heading-title elementor-size-default\">Adaleya, s.l. Borguese Anticuarios. Cobijo o.b. Trading. Crankys Gadget, s.l. Efesto. Inversiones y Gestiones de Oriente. Itaca Muebles, s.l. Kanjiman\u00eda, s.l. Mabuhay Importadora. Market Mobiliario, s.l. Powernet, s.l. Senenmunt Business, s.l. (Zagara sofas). Tanagra & Arts. V Dinastia Trading, s.l. Tiempos Modernos, s.l.<\/h2>\t\t<\/div>\n\t\t\t\t<\/div>\n\t\t\t\t<div class=\"elementor-element elementor-element-3c90dc6 elementor-widget elementor-widget-image\" data-id=\"3c90dc6\" data-element_type=\"widget\" data-widget_type=\"image.default\">\n\t\t\t\t<div class=\"elementor-widget-container\">\n\t\t\t<style>\/*! elementor - v3.14.0 - 26-06-2023 *\/\n.elementor-widget-image{text-align:center}.elementor-widget-image a{display:inline-block}.elementor-widget-image a img[src$=\".svg\"]{width:48px}.elementor-widget-image img{vertical-align:middle;display:inline-block}<\/style>\t\t\t\t\t\t\t\t\t\t\t\t<img loading=\"lazy\" decoding=\"async\" width=\"996\" height=\"173\" src=\"https:\/\/empresamudanzasmadrid.es\/blog\/wp-content\/uploads\/2023\/07\/confiaron-en-nosotros.webp\" class=\"attachment-large size-large wp-image-349\" alt=\"\" srcset=\"https:\/\/empresamudanzasmadrid.es\/blog\/wp-content\/uploads\/2023\/07\/confiaron-en-nosotros.webp 996w, https:\/\/empresamudanzasmadrid.es\/blog\/wp-content\/uploads\/2023\/07\/confiaron-en-nosotros-300x52.webp 300w, https:\/\/empresamudanzasmadrid.es\/blog\/wp-content\/uploads\/2023\/07\/confiaron-en-nosotros-768x133.webp 768w\" sizes=\"auto, (max-width: 996px) 100vw, 996px\" \/>\t\t\t\t\t\t\t\t\t\t\t\t\t\t\t<\/div>\n\t\t\t\t<\/div>\n\t\t\t\t<div class=\"elementor-element elementor-element-646f43d elementor-widget elementor-widget-text-editor\" data-id=\"646f43d\" data-element_type=\"widget\" data-widget_type=\"text-editor.default\">\n\t\t\t\t<div class=\"elementor-widget-container\">\n\t\t\t\t\t\t\tDisponemos de carpinteros y ebanistas propios, con lo cual damos un servicio con garant\u00eda en muebles juveniles, modulares de sal\u00f3n, boiseries, etc.\t\t\t\t\t\t<\/div>\n\t\t\t\t<\/div>\n\t\t\t\t<div class=\"elementor-element elementor-element-04c19a9 elementor-position-left elementor-vertical-align-top elementor-widget elementor-widget-image-box\" data-id=\"04c19a9\" data-element_type=\"widget\" data-widget_type=\"image-box.default\">\n\t\t\t\t<div class=\"elementor-widget-container\">\n\t\t\t<style>\/*! elementor - v3.14.0 - 26-06-2023 *\/\n.elementor-widget-image-box .elementor-image-box-content{width:100%}@media (min-width:768px){.elementor-widget-image-box.elementor-position-left .elementor-image-box-wrapper,.elementor-widget-image-box.elementor-position-right .elementor-image-box-wrapper{display:flex}.elementor-widget-image-box.elementor-position-right .elementor-image-box-wrapper{text-align:right;flex-direction:row-reverse}.elementor-widget-image-box.elementor-position-left .elementor-image-box-wrapper{text-align:left;flex-direction:row}.elementor-widget-image-box.elementor-position-top .elementor-image-box-img{margin:auto}.elementor-widget-image-box.elementor-vertical-align-top .elementor-image-box-wrapper{align-items:flex-start}.elementor-widget-image-box.elementor-vertical-align-middle .elementor-image-box-wrapper{align-items:center}.elementor-widget-image-box.elementor-vertical-align-bottom .elementor-image-box-wrapper{align-items:flex-end}}@media (max-width:767px){.elementor-widget-image-box .elementor-image-box-img{margin-left:auto!important;margin-right:auto!important;margin-bottom:15px}}.elementor-widget-image-box .elementor-image-box-img{display:inline-block}.elementor-widget-image-box .elementor-image-box-title a{color:inherit}.elementor-widget-image-box .elementor-image-box-wrapper{text-align:center}.elementor-widget-image-box .elementor-image-box-description{margin:0}<\/style><div class=\"elementor-image-box-wrapper\"><div class=\"elementor-image-box-content\"><h3 class=\"elementor-image-box-title\">Seguridad<\/h3><p class=\"elementor-image-box-description\">No se juegue el \u00e9xito de una venta con el montaje de un mueble.\n\n<\/p><\/div><\/div>\t\t<\/div>\n\t\t\t\t<\/div>\n\t\t\t\t<div class=\"elementor-element elementor-element-e5fb94c elementor-position-left elementor-vertical-align-top elementor-widget elementor-widget-image-box\" data-id=\"e5fb94c\" data-element_type=\"widget\" data-widget_type=\"image-box.default\">\n\t\t\t\t<div class=\"elementor-widget-container\">\n\t\t\t<div class=\"elementor-image-box-wrapper\"><div class=\"elementor-image-box-content\"><h3 class=\"elementor-image-box-title\">Tranquilidad<\/h3><p class=\"elementor-image-box-description\">Una vez vendido el mueble, olv\u00eddese de todo, el resto es cosa nuestra.\n\n\n<\/p><\/div><\/div>\t\t<\/div>\n\t\t\t\t<\/div>\n\t\t\t\t<div class=\"elementor-element elementor-element-893fd8d elementor-position-left elementor-vertical-align-top elementor-widget elementor-widget-image-box\" data-id=\"893fd8d\" data-element_type=\"widget\" data-widget_type=\"image-box.default\">\n\t\t\t\t<div class=\"elementor-widget-container\">\n\t\t\t<div class=\"elementor-image-box-wrapper\"><div class=\"elementor-image-box-content\"><h3 class=\"elementor-image-box-title\">Mudanza Standard<\/h3><p class=\"elementor-image-box-description\">Servicio de carga, traslado, desmontaje y montaje de muebles en el nuevo domicilio (embalaje realizado por el cliente).\n\n\n<\/p><\/div><\/div>\t\t<\/div>\n\t\t\t\t<\/div>\n\t\t\t\t<div class=\"elementor-element elementor-element-311e018 elementor-widget elementor-widget-text-editor\" data-id=\"311e018\" data-element_type=\"widget\" data-widget_type=\"text-editor.default\">\n\t\t\t\t<div class=\"elementor-widget-container\">\n\t\t\t\t\t\t\t<a href=\"\/contacto\">\u00bfLe cuesta montarlo? Nosotros lo hacemos por Ud. Contactenos<\/a>\t\t\t\t\t\t<\/div>\n\t\t\t\t<\/div>\n\t\t\t\t\t<\/div>\n\t\t<\/div>\n\t\t\t\t\t\t\t<\/div>\n\t\t<\/section>\n\t\t\t\t\t\t\t<\/div>\n\t\t","protected":false},"excerpt":{"rendered":"<p>PORTES DE MERCANCIA \u00bfNecesita un peque\u00f1o transporte a alg\u00fan punto de la comunidad de Madrid? Realizamos todo tipo de transporte de muebles sueltos, mini-mudanzas, con una manipulaci\u00f3n profesional. Recuerde que estos servicios tambi\u00e9n los realizamos en forma independiente. Contamos con una serie de tiendas que conf\u00edan sus entregas y montajes a nuestra empresa. Confian en &hellip;<\/p>\n<p class=\"read-more\"> <a class=\"\" href=\"https:\/\/empresamudanzasmadrid.es\/blog\/mudanzas-portes-y-montaje\/\"> <span class=\"screen-reader-text\">Mudanzas portes y montaje<\/span> Leer m\u00e1s &raquo;<\/a><\/p>\n","protected":false},"author":1,"featured_media":0,"parent":0,"menu_order":0,"comment_status":"closed","ping_status":"closed","template":"elementor_header_footer","meta":{"site-sidebar-layout":"no-sidebar","site-content-layout":"page-builder","ast-global-header-display":"","ast-banner-title-visibility":"","ast-main-header-display":"","ast-hfb-above-header-display":"","ast-hfb-below-header-display":"","ast-hfb-mobile-header-display":"","site-post-title":"disabled","ast-breadcrumbs-content":"","ast-featured-img":"disabled","footer-sml-layout":"","theme-transparent-header-meta":"","adv-header-id-meta":"","stick-header-meta":"","header-above-stick-meta":"","header-main-stick-meta":"","header-below-stick-meta":"","footnotes":""},"class_list":["post-344","page","type-page","status-publish","hentry"],"_links":{"self":[{"href":"https:\/\/empresamudanzasmadrid.es\/blog\/wp-json\/wp\/v2\/pages\/344","targetHints":{"allow":["GET"]}}],"collection":[{"href":"https:\/\/empresamudanzasmadrid.es\/blog\/wp-json\/wp\/v2\/pages"}],"about":[{"href":"https:\/\/empresamudanzasmadrid.es\/blog\/wp-json\/wp\/v2\/types\/page"}],"author":[{"embeddable":true,"href":"https:\/\/empresamudanzasmadrid.es\/blog\/wp-json\/wp\/v2\/users\/1"}],"replies":[{"embeddable":true,"href":"https:\/\/empresamudanzasmadrid.es\/blog\/wp-json\/wp\/v2\/comments?post=344"}],"version-history":[{"count":13,"href":"https:\/\/empresamudanzasmadrid.es\/blog\/wp-json\/wp\/v2\/pages\/344\/revisions"}],"predecessor-version":[{"id":368,"href":"https:\/\/empresamudanzasmadrid.es\/blog\/wp-json\/wp\/v2\/pages\/344\/revisions\/368"}],"wp:attachment":[{"href":"https:\/\/empresamudanzasmadrid.es\/blog\/wp-json\/wp\/v2\/media?parent=344"}],"curies":[{"name":"wp","href":"https:\/\/api.w.org\/{rel}","templated":true}]}}